{"id":109,"date":"2017-12-27T20:53:53","date_gmt":"2017-12-27T20:53:53","guid":{"rendered":"http:\/\/kbryant.de\/?page_id=109"},"modified":"2019-09-09T14:03:27","modified_gmt":"2019-09-09T12:03:27","slug":"fuer-firmen","status":"publish","type":"page","link":"https:\/\/kbryant.de\/blog\/fuer-firmen\/","title":{"rendered":"F\u00fcr Firmen"},"content":{"rendered":"<p>[et_pb_section fb_built=&#8220;1&#8243; fullwidth=&#8220;on&#8220; _builder_version=&#8220;3.22&#8243; fb_built=&#8220;1&#8243; _i=&#8220;0&#8243; _address=&#8220;0&#8243;][et_pb_fullwidth_slider show_arrows=&#8220;off&#8220; show_image_video_mobile=&#8220;on&#8220; _builder_version=&#8220;3.27.4&#8243; box_shadow_style=&#8220;preset6&#8243; box_shadow_blur=&#8220;10px&#8220; box_shadow_color=&#8220;rgba(0,0,0,0.1)&#8220; auto=&#8220;on&#8220; auto_speed=&#8220;4000&#8243; hover_enabled=&#8220;0&#8243; _i=&#8220;0&#8243; _address=&#8220;0.0&#8243; button_text_size__hover_enabled=&#8220;off&#8220; button_one_text_size__hover_enabled=&#8220;off&#8220; button_two_text_size__hover_enabled=&#8220;off&#8220; button_text_color__hover_enabled=&#8220;off&#8220; button_one_text_color__hover_enabled=&#8220;off&#8220; button_two_text_color__hover_enabled=&#8220;off&#8220; button_border_width__hover_enabled=&#8220;off&#8220; button_one_border_width__hover_enabled=&#8220;off&#8220; button_two_border_width__hover_enabled=&#8220;off&#8220; button_border_color__hover_enabled=&#8220;off&#8220; button_one_border_color__hover_enabled=&#8220;off&#8220; button_two_border_color__hover_enabled=&#8220;off&#8220; button_border_radius__hover_enabled=&#8220;off&#8220; button_one_border_radius__hover_enabled=&#8220;off&#8220; button_two_border_radius__hover_enabled=&#8220;off&#8220; button_letter_spacing__hover_enabled=&#8220;off&#8220; button_one_letter_spacing__hover_enabled=&#8220;off&#8220; button_two_letter_spacing__hover_enabled=&#8220;off&#8220; button_bg_color__hover_enabled=&#8220;off&#8220; button_one_bg_color__hover_enabled=&#8220;off&#8220; button_two_bg_color__hover_enabled=&#8220;off&#8220;][et_pb_slide _builder_version=&#8220;3.27.4&#8243; background_image=&#8220;https:\/\/kbryant.de\/blog\/wp-content\/uploads\/2017\/12\/webseite_Startseite_03_Firmen.png&#8220; background_enable_image=&#8220;on&#8220; hover_enabled=&#8220;0&#8243;][\/et_pb_slide][\/et_pb_fullwidth_slider][\/et_pb_section][et_pb_section fb_built=&#8220;1&#8243; _builder_version=&#8220;3.22&#8243; fb_built=&#8220;1&#8243; _i=&#8220;1&#8243; _address=&#8220;1&#8243;][et_pb_row _builder_version=&#8220;3.25&#8243; background_size=&#8220;initial&#8220; background_position=&#8220;top_left&#8220; background_repeat=&#8220;repeat&#8220; _i=&#8220;0&#8243; _address=&#8220;1.0&#8243;][et_pb_column type=&#8220;4_4&#8243; _builder_version=&#8220;3.25&#8243; custom_padding=&#8220;|||&#8220; _i=&#8220;0&#8243; _address=&#8220;1.0.0&#8243; custom_padding__hover=&#8220;|||&#8220;][et_pb_text disabled_on=&#8220;on||&#8220; _builder_version=&#8220;3.27.4&#8243; text_font=&#8220;|700||on|||||&#8220; text_text_color=&#8220;#f9ab32&#8243; text_line_height=&#8220;1&#8243; header_font=&#8220;|700||on|||||&#8220; header_text_align=&#8220;left&#8220; header_text_color=&#8220;#f9ab32&#8243; text_orientation=&#8220;right&#8220; _i=&#8220;0&#8243; _address=&#8220;1.0.0.0&#8243;]<\/p>\n<h1 style=\"text-align: left;\">Sie suchen den perfekten Mitarbeiter f\u00fcr Ihr Unternehmen?<\/h1>\n<h1 style=\"text-align: right;\">Sie suchen einen Topscorer!<\/h1>\n<p>[\/et_pb_text][et_pb_text disabled_on=&#8220;|on|on&#8220; admin_label=&#8220;Text mobile&#8220; _builder_version=&#8220;3.27.4&#8243; text_font=&#8220;|700||on|||||&#8220; text_text_color=&#8220;#f9ab32&#8243; text_line_height=&#8220;1&#8243; header_font=&#8220;|700||on|||||&#8220; header_text_align=&#8220;left&#8220; header_text_color=&#8220;#f9ab32&#8243; text_orientation=&#8220;right&#8220; _i=&#8220;1&#8243; _address=&#8220;1.0.0.1&#8243;]<\/p>\n<h1 style=\"text-align: left;\">Sie suchen den perfekten Mitarbeiter f\u00fcr Ihr Unternehmen?<\/h1>\n<h1 style=\"text-align: left;\">Sie suchen einen Topscorer!<\/h1>\n<p>[\/et_pb_text][et_pb_text _builder_version=&#8220;3.27.4&#8243; text_font=&#8220;|300|||||||&#8220; header_font=&#8220;|700||on|||||&#8220; header_text_align=&#8220;left&#8220; header_text_color=&#8220;#f9ab32&#8243; header_line_height=&#8220;3em&#8220; _i=&#8220;2&#8243; _address=&#8220;1.0.0.2&#8243;]Dann spielen Sie mit uns in der NBA der Personaldienstleister und lassen sich von den Profis beraten. Ob Sie einen neuen IT-Spezialisten ben\u00f6tigen, eine kompetente Fachkraft in der Buchhaltung oder Jemanden, der gut mit Zahlen umgehen kann \u2013 bei uns erhalten Sie alle notwendigen Informationen und Tipps, wie Sie effektiv und schnell an den richtigen Mitarbeiter kommen. Unser Spezialgebiet liegt vor allem bei den kaufm\u00e4nnischen Berufen, in der IT, dem Banking oder Finance.<\/p>\n<p>Nutzen Sie gerne f\u00fcr Ihre Anfrage unser unverbindliches <a href=\"..\/kontakt\/\"><strong>Kontaktformular<\/strong><\/a>, rufen Sie uns an oder schreiben uns eine <strong>Email an <a href=\"mailto:f.yildirim@kbyant.de\">f.yildirim@kbryant.de<\/a><\/strong>.<\/p>\n<p><strong>Wir melden uns umgehend bei Ihnen, um das weitere Vorgehen zu besprechen. Viel Erfolg!<\/strong><br \/>\n[\/et_pb_text][et_pb_divider color=&#8220;#ffffff&#8220; divider_position=&#8220;center&#8220; admin_label=&#8220;Teiler Ball&#8220; _builder_version=&#8220;3.2&#8243; background_image=&#8220;https:\/\/kbryant.de\/blog\/wp-content\/uploads\/2017\/12\/Mittellinie_oben.png&#8220; background_size=&#8220;contain&#8220; height=&#8220;36px&#8220; global_module=&#8220;120&#8243; saved_tabs=&#8220;all&#8220; _i=&#8220;3&#8243; _address=&#8220;2.0.0.3&#8243;]<\/p>\n<p>[\/et_pb_divider][et_pb_text _builder_version=&#8220;3.27.4&#8243; text_font=&#8220;|700||on|||||&#8220; text_text_color=&#8220;#f9ab32&#8243; text_line_height=&#8220;1&#8243; header_font=&#8220;|700||on|||||&#8220; header_text_align=&#8220;center&#8220; header_text_color=&#8220;#f9ab32&#8243; text_orientation=&#8220;center&#8220; _i=&#8220;4&#8243; _address=&#8220;1.0.0.4&#8243;]<\/p>\n<h1 style=\"text-align: center;\"><a href=\"http:\/\/kbryant.de\/kontakt\/\">Weiter zur Anfrage<\/a><\/h1>\n<p>[\/et_pb_text][\/et_pb_column][\/et_pb_row][\/et_pb_section][et_pb_section fb_built=&#8220;1&#8243; fullwidth=&#8220;on&#8220; _builder_version=&#8220;3.22&#8243; fb_built=&#8220;1&#8243; _i=&#8220;2&#8243; _address=&#8220;2&#8243;][et_pb_fullwidth_map google_api_key=&#8220;AIzaSyCxzJavkaH53qjNpvgdjFM7WmgVU7lvG2g&#8220; address=&#8220;Munich, Germany&#8220; zoom_level=&#8220;14&#8243; address_lat=&#8220;48.134819035463&#8243; address_lng=&#8220;11.5749871485&#8243; _builder_version=&#8220;3.0.94&#8243; _map_version=&#8220;1&#8243; _i=&#8220;0&#8243; _address=&#8220;2.0&#8243;][et_pb_map_pin title=&#8220;Hier findet ihr uns!&#8220; pin_address=&#8220;Schwanthalerstra\u00dfe 10, 80336 M\u00fcnchen, Germany&#8220; pin_address_lat=&#8220;48.137527&#8243; pin_address_lng=&#8220;11.5632472&#8243; _builder_version=&#8220;3.0.94&#8243; _i=&#8220;0&#8243; _address=&#8220;2.0.0&#8243;]KBryant GmbH[\/et_pb_map_pin][\/et_pb_fullwidth_map][\/et_pb_section]<\/p>\n","protected":false},"excerpt":{"rendered":"<p>Sie suchen den perfekten Mitarbeiter f\u00fcr Ihr Unternehmen? Sie suchen einen Topscorer! Sie suchen den perfekten Mitarbeiter f\u00fcr Ihr Unternehmen? Sie suchen einen Topscorer! Dann spielen Sie mit uns in der NBA der Personaldienstleister und lassen sich von den Profis beraten. Ob Sie einen neuen IT-Spezialisten ben\u00f6tigen, eine kompetente Fachkraft in der Buchhaltung oder Jemanden, [&hellip;]<\/p>\n","protected":false},"author":7,"featured_media":0,"parent":0,"menu_order":0,"comment_status":"closed","ping_status":"closed","template":"","meta":{"_et_pb_use_builder":"on","_et_pb_old_content":"","_et_gb_content_width":"","footnotes":""},"tags":[],"yoast_head":"<!-- This site is optimized with the Yoast SEO plugin v24.5 - https:\/\/yoast.com\/wordpress\/plugins\/seo\/ -->\n<title>F\u00fcr Firmen - KBryant<\/title>\n<meta name=\"robots\" content=\"index, follow, max-snippet:-1, max-image-preview:large, max-video-preview:-1\" \/>\n<link rel=\"canonical\" href=\"https:\/\/kbryant.de\/blog\/fuer-firmen\/\" \/>\n<meta property=\"og:locale\" content=\"de_DE\" \/>\n<meta property=\"og:type\" content=\"article\" \/>\n<meta property=\"og:title\" content=\"F\u00fcr Firmen - KBryant\" \/>\n<meta property=\"og:description\" content=\"Sie suchen den perfekten Mitarbeiter f\u00fcr Ihr Unternehmen? Sie suchen einen Topscorer! Sie suchen den perfekten Mitarbeiter f\u00fcr Ihr Unternehmen? Sie suchen einen Topscorer! Dann spielen Sie mit uns in der NBA der Personaldienstleister und lassen sich von den Profis beraten. Ob Sie einen neuen IT-Spezialisten ben\u00f6tigen, eine kompetente Fachkraft in der Buchhaltung oder Jemanden, [&hellip;]\" \/>\n<meta property=\"og:url\" content=\"https:\/\/kbryant.de\/blog\/fuer-firmen\/\" \/>\n<meta property=\"og:site_name\" content=\"KBryant\" \/>\n<meta property=\"article:publisher\" content=\"https:\/\/www.facebook.com\/kbryantgmbh\" \/>\n<meta property=\"article:modified_time\" content=\"2019-09-09T12:03:27+00:00\" \/>\n<meta property=\"og:image\" content=\"https:\/\/kbryant.de\/blog\/wp-content\/uploads\/2019\/02\/kbryant-logo-seo.jpg\" \/>\n\t<meta property=\"og:image:width\" content=\"1250\" \/>\n\t<meta property=\"og:image:height\" content=\"1250\" \/>\n\t<meta property=\"og:image:type\" content=\"image\/jpeg\" \/>\n<meta name=\"twitter:card\" content=\"summary_large_image\" \/>\n<meta name=\"twitter:site\" content=\"@kbryant_gmbh\" \/>\n<meta name=\"twitter:label1\" content=\"Gesch\u00e4tzte Lesezeit\" \/>\n\t<meta name=\"twitter:data1\" content=\"3\u00a0Minuten\" \/>\n<script type=\"application\/ld+json\" class=\"yoast-schema-graph\">{\"@context\":\"https:\/\/schema.org\",\"@graph\":[{\"@type\":\"WebPage\",\"@id\":\"https:\/\/kbryant.de\/blog\/fuer-firmen\/\",\"url\":\"https:\/\/kbryant.de\/blog\/fuer-firmen\/\",\"name\":\"F\u00fcr Firmen - KBryant\",\"isPartOf\":{\"@id\":\"https:\/\/kbryant.de\/blog\/#website\"},\"datePublished\":\"2017-12-27T20:53:53+00:00\",\"dateModified\":\"2019-09-09T12:03:27+00:00\",\"breadcrumb\":{\"@id\":\"https:\/\/kbryant.de\/blog\/fuer-firmen\/#breadcrumb\"},\"inLanguage\":\"de\",\"potentialAction\":[{\"@type\":\"ReadAction\",\"target\":[\"https:\/\/kbryant.de\/blog\/fuer-firmen\/\"]}]},{\"@type\":\"BreadcrumbList\",\"@id\":\"https:\/\/kbryant.de\/blog\/fuer-firmen\/#breadcrumb\",\"itemListElement\":[{\"@type\":\"ListItem\",\"position\":1,\"name\":\"Startseite\",\"item\":\"https:\/\/kbryant.de\/blog\/\"},{\"@type\":\"ListItem\",\"position\":2,\"name\":\"F\u00fcr Firmen\"}]},{\"@type\":\"WebSite\",\"@id\":\"https:\/\/kbryant.de\/blog\/#website\",\"url\":\"https:\/\/kbryant.de\/blog\/\",\"name\":\"KBryant\",\"description\":\"Personalvermittlung\",\"potentialAction\":[{\"@type\":\"SearchAction\",\"target\":{\"@type\":\"EntryPoint\",\"urlTemplate\":\"https:\/\/kbryant.de\/blog\/?s={search_term_string}\"},\"query-input\":{\"@type\":\"PropertyValueSpecification\",\"valueRequired\":true,\"valueName\":\"search_term_string\"}}],\"inLanguage\":\"de\"}]}<\/script>\n<!-- \/ Yoast SEO plugin. -->","yoast_head_json":{"title":"F\u00fcr Firmen - KBryant","robots":{"index":"index","follow":"follow","max-snippet":"max-snippet:-1","max-image-preview":"max-image-preview:large","max-video-preview":"max-video-preview:-1"},"canonical":"https:\/\/kbryant.de\/blog\/fuer-firmen\/","og_locale":"de_DE","og_type":"article","og_title":"F\u00fcr Firmen - KBryant","og_description":"Sie suchen den perfekten Mitarbeiter f\u00fcr Ihr Unternehmen? Sie suchen einen Topscorer! Sie suchen den perfekten Mitarbeiter f\u00fcr Ihr Unternehmen? Sie suchen einen Topscorer! Dann spielen Sie mit uns in der NBA der Personaldienstleister und lassen sich von den Profis beraten. Ob Sie einen neuen IT-Spezialisten ben\u00f6tigen, eine kompetente Fachkraft in der Buchhaltung oder Jemanden, [&hellip;]","og_url":"https:\/\/kbryant.de\/blog\/fuer-firmen\/","og_site_name":"KBryant","article_publisher":"https:\/\/www.facebook.com\/kbryantgmbh","article_modified_time":"2019-09-09T12:03:27+00:00","og_image":[{"width":1250,"height":1250,"url":"https:\/\/kbryant.de\/blog\/wp-content\/uploads\/2019\/02\/kbryant-logo-seo.jpg","type":"image\/jpeg"}],"twitter_card":"summary_large_image","twitter_site":"@kbryant_gmbh","twitter_misc":{"Gesch\u00e4tzte Lesezeit":"3\u00a0Minuten"},"schema":{"@context":"https:\/\/schema.org","@graph":[{"@type":"WebPage","@id":"https:\/\/kbryant.de\/blog\/fuer-firmen\/","url":"https:\/\/kbryant.de\/blog\/fuer-firmen\/","name":"F\u00fcr Firmen - KBryant","isPartOf":{"@id":"https:\/\/kbryant.de\/blog\/#website"},"datePublished":"2017-12-27T20:53:53+00:00","dateModified":"2019-09-09T12:03:27+00:00","breadcrumb":{"@id":"https:\/\/kbryant.de\/blog\/fuer-firmen\/#breadcrumb"},"inLanguage":"de","potentialAction":[{"@type":"ReadAction","target":["https:\/\/kbryant.de\/blog\/fuer-firmen\/"]}]},{"@type":"BreadcrumbList","@id":"https:\/\/kbryant.de\/blog\/fuer-firmen\/#breadcrumb","itemListElement":[{"@type":"ListItem","position":1,"name":"Startseite","item":"https:\/\/kbryant.de\/blog\/"},{"@type":"ListItem","position":2,"name":"F\u00fcr Firmen"}]},{"@type":"WebSite","@id":"https:\/\/kbryant.de\/blog\/#website","url":"https:\/\/kbryant.de\/blog\/","name":"KBryant","description":"Personalvermittlung","potentialAction":[{"@type":"SearchAction","target":{"@type":"EntryPoint","urlTemplate":"https:\/\/kbryant.de\/blog\/?s={search_term_string}"},"query-input":{"@type":"PropertyValueSpecification","valueRequired":true,"valueName":"search_term_string"}}],"inLanguage":"de"}]}},"_links":{"self":[{"href":"https:\/\/kbryant.de\/blog\/wp-json\/wp\/v2\/pages\/109"}],"collection":[{"href":"https:\/\/kbryant.de\/blog\/wp-json\/wp\/v2\/pages"}],"about":[{"href":"https:\/\/kbryant.de\/blog\/wp-json\/wp\/v2\/types\/page"}],"author":[{"embeddable":true,"href":"https:\/\/kbryant.de\/blog\/wp-json\/wp\/v2\/users\/7"}],"replies":[{"embeddable":true,"href":"https:\/\/kbryant.de\/blog\/wp-json\/wp\/v2\/comments?post=109"}],"version-history":[{"count":28,"href":"https:\/\/kbryant.de\/blog\/wp-json\/wp\/v2\/pages\/109\/revisions"}],"predecessor-version":[{"id":2633,"href":"https:\/\/kbryant.de\/blog\/wp-json\/wp\/v2\/pages\/109\/revisions\/2633"}],"wp:attachment":[{"href":"https:\/\/kbryant.de\/blog\/wp-json\/wp\/v2\/media?parent=109"}],"wp:term":[{"taxonomy":"post_tag","embeddable":true,"href":"https:\/\/kbryant.de\/blog\/wp-json\/wp\/v2\/tags?post=109"}],"curies":[{"name":"wp","href":"https:\/\/api.w.org\/{rel}","templated":true}]}}