{"id":1059,"date":"2018-04-18T19:39:47","date_gmt":"2018-04-18T17:39:47","guid":{"rendered":"https:\/\/kbryant.de\/blog\/?page_id=1059"},"modified":"2020-11-21T16:07:38","modified_gmt":"2020-11-21T15:07:38","slug":"blog-news","status":"publish","type":"page","link":"https:\/\/kbryant.de\/blog\/","title":{"rendered":"KBryant Blog"},"content":{"rendered":"<p>[et_pb_section fb_built=&#8220;1&#8243; next_background_color=&#8220;#ffffff&#8220; admin_label=&#8220;Header&#8220; _builder_version=&#8220;4.2.2&#8243; background_color=&#8220;#f8f9fa&#8220; bottom_divider_style=&#8220;curve&#8220;][et_pb_row _builder_version=&#8220;4.3.2&#8243; locked=&#8220;off&#8220;][et_pb_column type=&#8220;4_4&#8243; saved_specialty_column_type=&#8220;1_2&#8243; _builder_version=&#8220;4.2.2&#8243;][et_pb_text _builder_version=&#8220;4.3.2&#8243; text_font=&#8220;PT Sans||||||||&#8220; text_font_size=&#8220;16px&#8220; text_line_height=&#8220;1.8em&#8220; header_font=&#8220;Playfair Display|700|||||||&#8220; header_font_size=&#8220;60px&#8220; header_line_height=&#8220;1.1em&#8220; text_orientation=&#8220;center&#8220; header_font_size_tablet=&#8220;40px&#8220; header_font_size_phone=&#8220;30px&#8220; header_font_size_last_edited=&#8220;on|phone&#8220; inline_fonts=&#8220;Ubuntu&#8220;]<\/p>\n<h1 class=\"et_pb_module_header\"><strong><span style=\"font-family: Ubuntu;\">KBryant Blog<\/span><\/strong><\/h1>\n<p>[\/et_pb_text][\/et_pb_column][\/et_pb_row][et_pb_row _builder_version=&#8220;4.6.6&#8243; _module_preset=&#8220;default&#8220;][et_pb_column type=&#8220;4_4&#8243; _builder_version=&#8220;4.6.6&#8243; _module_preset=&#8220;default&#8220;][et_pb_text _builder_version=&#8220;4.6.6&#8243; _module_preset=&#8220;default&#8220;]<\/p>\n<p>Hier findest du umfangreiche Tipps f\u00fcr die Jobsuche, Bewerbung und Karriere sowie Beitr\u00e4ge \u00fcber das Leben in Deutschland.<\/p>\n<p>[\/et_pb_text][\/et_pb_column][\/et_pb_row][et_pb_row _builder_version=&#8220;4.6.6&#8243; _module_preset=&#8220;default&#8220;][et_pb_column type=&#8220;4_4&#8243; _builder_version=&#8220;4.6.6&#8243; _module_preset=&#8220;default&#8220;][et_pb_search exclude_pages=&#8220;off&#8220; show_button=&#8220;off&#8220; placeholder=&#8220;Suche&#8230;&#8220; button_color=&#8220;#eeeeee&#8220; placeholder_color=&#8220;#bbbbbb&#8220; _builder_version=&#8220;4.6.6&#8243; form_field_text_color=&#8220;#71818c&#8220; form_field_font_size=&#8220;16px&#8220; max_width=&#8220;300px&#8220; module_alignment=&#8220;center&#8220; custom_margin=&#8220;0px||0px|&#8220; custom_padding=&#8220;20px||20px|&#8220; custom_css_main_element=&#8220;margin: 0 auto;&#8220; custom_css_input_field=&#8220;border-radius: 60px;&#8220; input_text_color=&#8220;#71818c&#8220; input_font_size=&#8220;16px&#8220; button_text_size__hover_enabled=&#8220;off&#8220; button_one_text_size__hover_enabled=&#8220;off&#8220; button_two_text_size__hover_enabled=&#8220;off&#8220; button_text_color__hover_enabled=&#8220;off&#8220; button_one_text_color__hover_enabled=&#8220;off&#8220; button_two_text_color__hover_enabled=&#8220;off&#8220; button_border_width__hover_enabled=&#8220;off&#8220; button_one_border_width__hover_enabled=&#8220;off&#8220; button_two_border_width__hover_enabled=&#8220;off&#8220; button_border_color__hover_enabled=&#8220;off&#8220; button_one_border_color__hover_enabled=&#8220;off&#8220; button_two_border_color__hover_enabled=&#8220;off&#8220; button_border_radius__hover_enabled=&#8220;off&#8220; button_one_border_radius__hover_enabled=&#8220;off&#8220; button_two_border_radius__hover_enabled=&#8220;off&#8220; button_letter_spacing__hover_enabled=&#8220;off&#8220; button_one_letter_spacing__hover_enabled=&#8220;off&#8220; button_two_letter_spacing__hover_enabled=&#8220;off&#8220; button_bg_color__hover_enabled=&#8220;off&#8220; button_one_bg_color__hover_enabled=&#8220;off&#8220; button_two_bg_color__hover_enabled=&#8220;off&#8220;][\/et_pb_search][\/et_pb_column][\/et_pb_row][\/et_pb_section][et_pb_section fb_built=&#8220;1&#8243; inner_shadow=&#8220;on&#8220; admin_label=&#8220;Blog&#8220; module_class=&#8220;ds-blog-four-column&#8220; _builder_version=&#8220;4.6.6&#8243;][et_pb_row _builder_version=&#8220;4.6.6&#8243; column_structure=&#8220;3_4,1_4&#8243;][et_pb_column type=&#8220;3_4&#8243; _builder_version=&#8220;4.2.2&#8243;][et_pb_blog fullwidth=&#8220;off&#8220; posts_number=&#8220;100&#8243; include_categories=&#8220;all&#8220; use_manual_excerpt=&#8220;off&#8220; excerpt_length=&#8220;0&#8243; show_author=&#8220;off&#8220; show_date=&#8220;off&#8220; show_categories=&#8220;off&#8220; show_excerpt=&#8220;off&#8220; show_pagination=&#8220;off&#8220; module_class=&#8220;et_blog_grid_equal_height&#8220; _builder_version=&#8220;4.6.6&#8243; header_font=&#8220;PT Sans|700|||||||&#8220; header_text_color=&#8220;#2a3749&#8243; header_font_size=&#8220;16px&#8220; header_line_height=&#8220;1.3em&#8220; body_font=&#8220;PT Sans||||||||&#8220; body_font_size=&#8220;15px&#8220; body_line_height=&#8220;1.8em&#8220; meta_font=&#8220;PT Sans|700|||||||&#8220; meta_text_color=&#8220;#007aff&#8220; meta_font_size=&#8220;13px&#8220; pagination_font=&#8220;PT Sans|700|||||||&#8220; pagination_text_color=&#8220;#007aff&#8220; pagination_font_size=&#8220;24px&#8220; pagination_line_height=&#8220;1.8em&#8220; border_radii=&#8220;on|10px|10px|10px|10px&#8220; border_width_all=&#8220;0px&#8220; box_shadow_style=&#8220;preset1&#8243; box_shadow_color=&#8220;rgba(12,113,195,0.13)&#8220; locked=&#8220;off&#8220;][\/et_pb_blog][\/et_pb_column][et_pb_column type=&#8220;1_4&#8243; _builder_version=&#8220;4.2.2&#8243;][et_pb_sidebar orientation=&#8220;right&#8220; area=&#8220;sidebar-1&#8243; _builder_version=&#8220;3.27.4&#8243; body_font=&#8220;|300|||||||&#8220; body_font_size=&#8220;15px&#8220; body_line_height=&#8220;1.5em&#8220; saved_tabs=&#8220;all&#8220; global_module=&#8220;3416&#8243;][\/et_pb_sidebar][\/et_pb_column][\/et_pb_row][\/et_pb_section]<\/p>\n","protected":false},"excerpt":{"rendered":"<p>KBryant BlogHier findest du umfangreiche Tipps f\u00fcr die Jobsuche, Bewerbung und Karriere sowie Beitr\u00e4ge \u00fcber das Leben in Deutschland.<\/p>\n","protected":false},"author":7,"featured_media":0,"parent":0,"menu_order":0,"comment_status":"closed","ping_status":"closed","template":"","meta":{"_et_pb_use_builder":"on","_et_pb_old_content":"","_et_gb_content_width":"","footnotes":""},"tags":[],"yoast_head":"<!-- This site is optimized with the Yoast SEO plugin v24.5 - https:\/\/yoast.com\/wordpress\/plugins\/seo\/ -->\n<title>KBryant Blog - KBryant<\/title>\n<meta name=\"description\" content=\"Unser Blog umfasst Beitr\u00e4ge zu den Themen Bewerbung, B\u00fcroalltag, Karriere, Lebenslauf, Personalsuche und Wissenswertes rund um das Thema.\u00a0Jetzt lesen!\" \/>\n<meta name=\"robots\" content=\"index, follow, max-snippet:-1, max-image-preview:large, max-video-preview:-1\" \/>\n<link rel=\"canonical\" href=\"https:\/\/kbryant.de\/blog\/\" \/>\n<meta property=\"og:locale\" content=\"de_DE\" \/>\n<meta property=\"og:type\" content=\"article\" \/>\n<meta property=\"og:title\" content=\"KBryant Blog - KBryant\" \/>\n<meta property=\"og:description\" content=\"Unser Blog umfasst Beitr\u00e4ge zu den Themen Bewerbung, B\u00fcroalltag, Karriere, Lebenslauf, Personalsuche und Wissenswertes rund um das Thema.\u00a0Jetzt lesen!\" \/>\n<meta property=\"og:url\" content=\"https:\/\/kbryant.de\/blog\/\" \/>\n<meta property=\"og:site_name\" content=\"KBryant\" \/>\n<meta property=\"article:publisher\" content=\"https:\/\/www.facebook.com\/kbryantgmbh\" \/>\n<meta property=\"article:modified_time\" content=\"2020-11-21T15:07:38+00:00\" \/>\n<meta property=\"og:image\" content=\"https:\/\/kbryant.de\/blog\/wp-content\/uploads\/2019\/02\/kbryant-logo-seo.jpg\" \/>\n\t<meta property=\"og:image:width\" content=\"1250\" \/>\n\t<meta property=\"og:image:height\" content=\"1250\" \/>\n\t<meta property=\"og:image:type\" content=\"image\/jpeg\" \/>\n<meta name=\"twitter:card\" content=\"summary_large_image\" \/>\n<meta name=\"twitter:site\" content=\"@kbryant_gmbh\" \/>\n<meta name=\"twitter:label1\" content=\"Gesch\u00e4tzte Lesezeit\" \/>\n\t<meta name=\"twitter:data1\" content=\"3\u00a0Minuten\" \/>\n<script type=\"application\/ld+json\" class=\"yoast-schema-graph\">{\"@context\":\"https:\/\/schema.org\",\"@graph\":[{\"@type\":\"WebPage\",\"@id\":\"https:\/\/kbryant.de\/blog\/\",\"url\":\"https:\/\/kbryant.de\/blog\/\",\"name\":\"KBryant Blog - KBryant\",\"isPartOf\":{\"@id\":\"https:\/\/kbryant.de\/blog\/#website\"},\"datePublished\":\"2018-04-18T17:39:47+00:00\",\"dateModified\":\"2020-11-21T15:07:38+00:00\",\"description\":\"Unser Blog umfasst Beitr\u00e4ge zu den Themen Bewerbung, B\u00fcroalltag, Karriere, Lebenslauf, Personalsuche und Wissenswertes rund um das Thema.\u00a0Jetzt lesen!\",\"breadcrumb\":{\"@id\":\"https:\/\/kbryant.de\/blog\/#breadcrumb\"},\"inLanguage\":\"de\",\"potentialAction\":[{\"@type\":\"ReadAction\",\"target\":[\"https:\/\/kbryant.de\/blog\/\"]}]},{\"@type\":\"BreadcrumbList\",\"@id\":\"https:\/\/kbryant.de\/blog\/#breadcrumb\",\"itemListElement\":[{\"@type\":\"ListItem\",\"position\":1,\"name\":\"Startseite\",\"item\":\"https:\/\/kbryant.de\/blog\/\"},{\"@type\":\"ListItem\",\"position\":2,\"name\":\"KBryant Blog\"}]},{\"@type\":\"WebSite\",\"@id\":\"https:\/\/kbryant.de\/blog\/#website\",\"url\":\"https:\/\/kbryant.de\/blog\/\",\"name\":\"KBryant\",\"description\":\"Personalvermittlung\",\"potentialAction\":[{\"@type\":\"SearchAction\",\"target\":{\"@type\":\"EntryPoint\",\"urlTemplate\":\"https:\/\/kbryant.de\/blog\/?s={search_term_string}\"},\"query-input\":{\"@type\":\"PropertyValueSpecification\",\"valueRequired\":true,\"valueName\":\"search_term_string\"}}],\"inLanguage\":\"de\"}]}<\/script>\n<!-- \/ Yoast SEO plugin. -->","yoast_head_json":{"title":"KBryant Blog - KBryant","description":"Unser Blog umfasst Beitr\u00e4ge zu den Themen Bewerbung, B\u00fcroalltag, Karriere, Lebenslauf, Personalsuche und Wissenswertes rund um das Thema.\u00a0Jetzt lesen!","robots":{"index":"index","follow":"follow","max-snippet":"max-snippet:-1","max-image-preview":"max-image-preview:large","max-video-preview":"max-video-preview:-1"},"canonical":"https:\/\/kbryant.de\/blog\/","og_locale":"de_DE","og_type":"article","og_title":"KBryant Blog - KBryant","og_description":"Unser Blog umfasst Beitr\u00e4ge zu den Themen Bewerbung, B\u00fcroalltag, Karriere, Lebenslauf, Personalsuche und Wissenswertes rund um das Thema.\u00a0Jetzt lesen!","og_url":"https:\/\/kbryant.de\/blog\/","og_site_name":"KBryant","article_publisher":"https:\/\/www.facebook.com\/kbryantgmbh","article_modified_time":"2020-11-21T15:07:38+00:00","og_image":[{"width":1250,"height":1250,"url":"https:\/\/kbryant.de\/blog\/wp-content\/uploads\/2019\/02\/kbryant-logo-seo.jpg","type":"image\/jpeg"}],"twitter_card":"summary_large_image","twitter_site":"@kbryant_gmbh","twitter_misc":{"Gesch\u00e4tzte Lesezeit":"3\u00a0Minuten"},"schema":{"@context":"https:\/\/schema.org","@graph":[{"@type":"WebPage","@id":"https:\/\/kbryant.de\/blog\/","url":"https:\/\/kbryant.de\/blog\/","name":"KBryant Blog - KBryant","isPartOf":{"@id":"https:\/\/kbryant.de\/blog\/#website"},"datePublished":"2018-04-18T17:39:47+00:00","dateModified":"2020-11-21T15:07:38+00:00","description":"Unser Blog umfasst Beitr\u00e4ge zu den Themen Bewerbung, B\u00fcroalltag, Karriere, Lebenslauf, Personalsuche und Wissenswertes rund um das Thema.\u00a0Jetzt lesen!","breadcrumb":{"@id":"https:\/\/kbryant.de\/blog\/#breadcrumb"},"inLanguage":"de","potentialAction":[{"@type":"ReadAction","target":["https:\/\/kbryant.de\/blog\/"]}]},{"@type":"BreadcrumbList","@id":"https:\/\/kbryant.de\/blog\/#breadcrumb","itemListElement":[{"@type":"ListItem","position":1,"name":"Startseite","item":"https:\/\/kbryant.de\/blog\/"},{"@type":"ListItem","position":2,"name":"KBryant Blog"}]},{"@type":"WebSite","@id":"https:\/\/kbryant.de\/blog\/#website","url":"https:\/\/kbryant.de\/blog\/","name":"KBryant","description":"Personalvermittlung","potentialAction":[{"@type":"SearchAction","target":{"@type":"EntryPoint","urlTemplate":"https:\/\/kbryant.de\/blog\/?s={search_term_string}"},"query-input":{"@type":"PropertyValueSpecification","valueRequired":true,"valueName":"search_term_string"}}],"inLanguage":"de"}]}},"_links":{"self":[{"href":"https:\/\/kbryant.de\/blog\/wp-json\/wp\/v2\/pages\/1059"}],"collection":[{"href":"https:\/\/kbryant.de\/blog\/wp-json\/wp\/v2\/pages"}],"about":[{"href":"https:\/\/kbryant.de\/blog\/wp-json\/wp\/v2\/types\/page"}],"author":[{"embeddable":true,"href":"https:\/\/kbryant.de\/blog\/wp-json\/wp\/v2\/users\/7"}],"replies":[{"embeddable":true,"href":"https:\/\/kbryant.de\/blog\/wp-json\/wp\/v2\/comments?post=1059"}],"version-history":[{"count":91,"href":"https:\/\/kbryant.de\/blog\/wp-json\/wp\/v2\/pages\/1059\/revisions"}],"predecessor-version":[{"id":4075,"href":"https:\/\/kbryant.de\/blog\/wp-json\/wp\/v2\/pages\/1059\/revisions\/4075"}],"wp:attachment":[{"href":"https:\/\/kbryant.de\/blog\/wp-json\/wp\/v2\/media?parent=1059"}],"wp:term":[{"taxonomy":"post_tag","embeddable":true,"href":"https:\/\/kbryant.de\/blog\/wp-json\/wp\/v2\/tags?post=1059"}],"curies":[{"name":"wp","href":"https:\/\/api.w.org\/{rel}","templated":true}]}}